{"id":143,"date":"2025-08-19T17:53:25","date_gmt":"2025-08-19T15:53:25","guid":{"rendered":"https:\/\/ceguiworld.com\/?page_id=143"},"modified":"2025-10-12T23:57:57","modified_gmt":"2025-10-12T21:57:57","slug":"lisboa","status":"publish","type":"page","link":"https:\/\/ceguiworld.com\/en\/lisboa\/","title":{"rendered":"LISBON"},"content":{"rendered":"<hr class=\"wp-block-separator has-alpha-channel-opacity\"\/>\n\n\n\n<div class=\"wp-block-group is-layout-grid wp-container-core-group-is-layout-7d05cc0d wp-block-group-is-layout-grid\">\n<figure class=\"wp-block-image size-full wp-container-content-69bc4bdf\"><img data-recalc-dims=\"1\" loading=\"lazy\" decoding=\"async\" width=\"4608\" height=\"3456\" data-attachment-id=\"797\" data-permalink=\"https:\/\/ceguiworld.com\/en\/lisboa\/p9120986\/\" data-orig-file=\"https:\/\/i0.wp.com\/ceguiworld.com\/wp-content\/uploads\/2025\/09\/P9120986.jpg?fit=4608%2C3456&amp;ssl=1\" data-orig-size=\"4608,3456\" data-comments-opened=\"1\" data-image-meta=\"{&quot;aperture&quot;:&quot;7.1&quot;,&quot;credit&quot;:&quot;&quot;,&quot;camera&quot;:&quot;E-PL10&quot;,&quot;caption&quot;:&quot;&quot;,&quot;created_timestamp&quot;:&quot;1757672601&quot;,&quot;copyright&quot;:&quot;&quot;,&quot;focal_length&quot;:&quot;25&quot;,&quot;iso&quot;:&quot;200&quot;,&quot;shutter_speed&quot;:&quot;0.00125&quot;,&quot;title&quot;:&quot;&quot;,&quot;orientation&quot;:&quot;1&quot;}\" data-image-title=\"P9120986\" data-image-description=\"\" data-image-caption=\"\" data-large-file=\"https:\/\/i0.wp.com\/ceguiworld.com\/wp-content\/uploads\/2025\/09\/P9120986.jpg?fit=1024%2C768&amp;ssl=1\" src=\"https:\/\/i0.wp.com\/ceguiworld.com\/wp-content\/uploads\/2025\/09\/P9120986.jpg?resize=4608%2C3456&#038;ssl=1\" alt=\"\" class=\"wp-image-797\" style=\"aspect-ratio:1;object-fit:cover\" srcset=\"https:\/\/i0.wp.com\/ceguiworld.com\/wp-content\/uploads\/2025\/09\/P9120986.jpg?w=4608&amp;ssl=1 4608w, https:\/\/i0.wp.com\/ceguiworld.com\/wp-content\/uploads\/2025\/09\/P9120986.jpg?resize=300%2C225&amp;ssl=1 300w, https:\/\/i0.wp.com\/ceguiworld.com\/wp-content\/uploads\/2025\/09\/P9120986.jpg?resize=1024%2C768&amp;ssl=1 1024w, https:\/\/i0.wp.com\/ceguiworld.com\/wp-content\/uploads\/2025\/09\/P9120986.jpg?resize=768%2C576&amp;ssl=1 768w, https:\/\/i0.wp.com\/ceguiworld.com\/wp-content\/uploads\/2025\/09\/P9120986.jpg?resize=1536%2C1152&amp;ssl=1 1536w, https:\/\/i0.wp.com\/ceguiworld.com\/wp-content\/uploads\/2025\/09\/P9120986.jpg?resize=2048%2C1536&amp;ssl=1 2048w, https:\/\/i0.wp.com\/ceguiworld.com\/wp-content\/uploads\/2025\/09\/P9120986.jpg?resize=1200%2C900&amp;ssl=1 1200w, https:\/\/i0.wp.com\/ceguiworld.com\/wp-content\/uploads\/2025\/09\/P9120986.jpg?resize=800%2C600&amp;ssl=1 800w, https:\/\/i0.wp.com\/ceguiworld.com\/wp-content\/uploads\/2025\/09\/P9120986.jpg?resize=600%2C450&amp;ssl=1 600w, https:\/\/i0.wp.com\/ceguiworld.com\/wp-content\/uploads\/2025\/09\/P9120986.jpg?resize=400%2C300&amp;ssl=1 400w, https:\/\/i0.wp.com\/ceguiworld.com\/wp-content\/uploads\/2025\/09\/P9120986.jpg?resize=200%2C150&amp;ssl=1 200w, https:\/\/i0.wp.com\/ceguiworld.com\/wp-content\/uploads\/2025\/09\/P9120986.jpg?w=3000&amp;ssl=1 3000w\" sizes=\"auto, (max-width: 1000px) 100vw, 1000px\" \/><\/figure>\n\n\n\n<figure class=\"wp-block-image size-large wp-container-content-69bc4bdf\"><img data-recalc-dims=\"1\" loading=\"lazy\" decoding=\"async\" width=\"768\" height=\"1024\" data-attachment-id=\"796\" data-permalink=\"https:\/\/ceguiworld.com\/en\/lisboa\/p9131136\/\" data-orig-file=\"https:\/\/i0.wp.com\/ceguiworld.com\/wp-content\/uploads\/2025\/09\/P9131136-rotated.jpg?fit=3456%2C4608&amp;ssl=1\" data-orig-size=\"3456,4608\" data-comments-opened=\"1\" data-image-meta=\"{&quot;aperture&quot;:&quot;4&quot;,&quot;credit&quot;:&quot;&quot;,&quot;camera&quot;:&quot;E-PL10&quot;,&quot;caption&quot;:&quot;&quot;,&quot;created_timestamp&quot;:&quot;1757762819&quot;,&quot;copyright&quot;:&quot;&quot;,&quot;focal_length&quot;:&quot;25&quot;,&quot;iso&quot;:&quot;200&quot;,&quot;shutter_speed&quot;:&quot;0.0008&quot;,&quot;title&quot;:&quot;&quot;,&quot;orientation&quot;:&quot;1&quot;}\" data-image-title=\"P9131136\" data-image-description=\"\" data-image-caption=\"\" data-large-file=\"https:\/\/i0.wp.com\/ceguiworld.com\/wp-content\/uploads\/2025\/09\/P9131136-rotated.jpg?fit=768%2C1024&amp;ssl=1\" src=\"https:\/\/i0.wp.com\/ceguiworld.com\/wp-content\/uploads\/2025\/09\/P9131136.jpg?resize=768%2C1024&#038;ssl=1\" alt=\"\" class=\"wp-image-796\" style=\"aspect-ratio:1;object-fit:cover\" srcset=\"https:\/\/i0.wp.com\/ceguiworld.com\/wp-content\/uploads\/2025\/09\/P9131136-rotated.jpg?resize=768%2C1024&amp;ssl=1 768w, https:\/\/i0.wp.com\/ceguiworld.com\/wp-content\/uploads\/2025\/09\/P9131136-rotated.jpg?resize=225%2C300&amp;ssl=1 225w, https:\/\/i0.wp.com\/ceguiworld.com\/wp-content\/uploads\/2025\/09\/P9131136-rotated.jpg?resize=1152%2C1536&amp;ssl=1 1152w, https:\/\/i0.wp.com\/ceguiworld.com\/wp-content\/uploads\/2025\/09\/P9131136-rotated.jpg?resize=1536%2C2048&amp;ssl=1 1536w, https:\/\/i0.wp.com\/ceguiworld.com\/wp-content\/uploads\/2025\/09\/P9131136-rotated.jpg?resize=900%2C1200&amp;ssl=1 900w, https:\/\/i0.wp.com\/ceguiworld.com\/wp-content\/uploads\/2025\/09\/P9131136-rotated.jpg?resize=600%2C800&amp;ssl=1 600w, https:\/\/i0.wp.com\/ceguiworld.com\/wp-content\/uploads\/2025\/09\/P9131136-rotated.jpg?resize=450%2C600&amp;ssl=1 450w, https:\/\/i0.wp.com\/ceguiworld.com\/wp-content\/uploads\/2025\/09\/P9131136-rotated.jpg?resize=300%2C400&amp;ssl=1 300w, https:\/\/i0.wp.com\/ceguiworld.com\/wp-content\/uploads\/2025\/09\/P9131136-rotated.jpg?resize=150%2C200&amp;ssl=1 150w, https:\/\/i0.wp.com\/ceguiworld.com\/wp-content\/uploads\/2025\/09\/P9131136-rotated.jpg?resize=1200%2C1600&amp;ssl=1 1200w, https:\/\/i0.wp.com\/ceguiworld.com\/wp-content\/uploads\/2025\/09\/P9131136-rotated.jpg?w=2000&amp;ssl=1 2000w, https:\/\/i0.wp.com\/ceguiworld.com\/wp-content\/uploads\/2025\/09\/P9131136-rotated.jpg?w=3000&amp;ssl=1 3000w\" sizes=\"auto, (max-width: 768px) 100vw, 768px\" \/><\/figure>\n\n\n\n<figure class=\"wp-block-image size-large\"><img data-recalc-dims=\"1\" loading=\"lazy\" decoding=\"async\" width=\"2392\" height=\"2392\" data-attachment-id=\"1098\" data-permalink=\"https:\/\/ceguiworld.com\/en\/p9110806-7\/\" data-orig-file=\"https:\/\/i0.wp.com\/ceguiworld.com\/wp-content\/uploads\/2025\/09\/P9110806-2-edited-2.jpg?fit=2392%2C2392&amp;ssl=1\" data-orig-size=\"2392,2392\" data-comments-opened=\"1\" data-image-meta=\"{&quot;aperture&quot;:&quot;4&quot;,&quot;credit&quot;:&quot;&quot;,&quot;camera&quot;:&quot;E-PL10&quot;,&quot;caption&quot;:&quot;&quot;,&quot;created_timestamp&quot;:&quot;1757590098&quot;,&quot;copyright&quot;:&quot;&quot;,&quot;focal_length&quot;:&quot;25&quot;,&quot;iso&quot;:&quot;200&quot;,&quot;shutter_speed&quot;:&quot;0.0008&quot;,&quot;title&quot;:&quot;&quot;,&quot;orientation&quot;:&quot;1&quot;}\" data-image-title=\"P9110806\" data-image-description=\"\" data-image-caption=\"\" data-large-file=\"https:\/\/i0.wp.com\/ceguiworld.com\/wp-content\/uploads\/2025\/09\/P9110806-2-edited-2.jpg?fit=1024%2C1024&amp;ssl=1\" src=\"https:\/\/i0.wp.com\/ceguiworld.com\/wp-content\/uploads\/2025\/09\/P9110806-2-edited-2.jpg?resize=2392%2C2392&#038;ssl=1\" alt=\"\" class=\"wp-image-1098\" srcset=\"https:\/\/i0.wp.com\/ceguiworld.com\/wp-content\/uploads\/2025\/09\/P9110806-2-edited-2.jpg?w=2392&amp;ssl=1 2392w, https:\/\/i0.wp.com\/ceguiworld.com\/wp-content\/uploads\/2025\/09\/P9110806-2-edited-2.jpg?resize=300%2C300&amp;ssl=1 300w, https:\/\/i0.wp.com\/ceguiworld.com\/wp-content\/uploads\/2025\/09\/P9110806-2-edited-2.jpg?resize=1024%2C1024&amp;ssl=1 1024w, https:\/\/i0.wp.com\/ceguiworld.com\/wp-content\/uploads\/2025\/09\/P9110806-2-edited-2.jpg?resize=150%2C150&amp;ssl=1 150w, https:\/\/i0.wp.com\/ceguiworld.com\/wp-content\/uploads\/2025\/09\/P9110806-2-edited-2.jpg?resize=768%2C768&amp;ssl=1 768w, https:\/\/i0.wp.com\/ceguiworld.com\/wp-content\/uploads\/2025\/09\/P9110806-2-edited-2.jpg?resize=1536%2C1536&amp;ssl=1 1536w, https:\/\/i0.wp.com\/ceguiworld.com\/wp-content\/uploads\/2025\/09\/P9110806-2-edited-2.jpg?resize=2048%2C2048&amp;ssl=1 2048w, https:\/\/i0.wp.com\/ceguiworld.com\/wp-content\/uploads\/2025\/09\/P9110806-2-edited-2.jpg?resize=12%2C12&amp;ssl=1 12w, https:\/\/i0.wp.com\/ceguiworld.com\/wp-content\/uploads\/2025\/09\/P9110806-2-edited-2.jpg?resize=1200%2C1200&amp;ssl=1 1200w, https:\/\/i0.wp.com\/ceguiworld.com\/wp-content\/uploads\/2025\/09\/P9110806-2-edited-2.jpg?resize=800%2C800&amp;ssl=1 800w, https:\/\/i0.wp.com\/ceguiworld.com\/wp-content\/uploads\/2025\/09\/P9110806-2-edited-2.jpg?resize=600%2C600&amp;ssl=1 600w, https:\/\/i0.wp.com\/ceguiworld.com\/wp-content\/uploads\/2025\/09\/P9110806-2-edited-2.jpg?resize=400%2C400&amp;ssl=1 400w, https:\/\/i0.wp.com\/ceguiworld.com\/wp-content\/uploads\/2025\/09\/P9110806-2-edited-2.jpg?resize=200%2C200&amp;ssl=1 200w\" sizes=\"auto, (max-width: 1000px) 100vw, 1000px\" \/><\/figure>\n<\/div>\n\n\n\n<div class=\"wp-block-group is-layout-grid wp-container-core-group-is-layout-7d05cc0d wp-block-group-is-layout-grid\">\n<h3 class=\"wp-block-heading\"><a href=\"https:\/\/ceguiworld.com\/en\/que-fer-a-lisboa-ruta-completa-de-2-i-3-dies\/\" data-type=\"page\" data-id=\"862\">What to do in Lisbon; 2 and 3 day route through the capital<\/a><\/h3>\n\n\n\n<h3 class=\"wp-block-heading\"><a href=\"https:\/\/ceguiworld.com\/en\/20-coses-per-veure-a-porto\/\" data-type=\"page\" data-id=\"420\">20 things to see in Lisbon<\/a><\/h3>\n\n\n\n<h3 class=\"wp-block-heading\"><a href=\"https:\/\/ceguiworld.com\/en\/2025\/09\/26\/els-millors-pasteis-de-nata-de-lisboa-i-oporto\/\" data-type=\"post\" data-id=\"1028\">The best past\u00e9is de nata: Original vs alternatives<\/a><\/h3>\n<\/div>\n\n\n\n<div class=\"wp-block-group is-layout-grid wp-container-core-group-is-layout-7d05cc0d wp-block-group-is-layout-grid\">\n<figure class=\"wp-block-image size-full wp-container-content-69bc4bdf\"><img data-recalc-dims=\"1\" loading=\"lazy\" decoding=\"async\" width=\"3456\" height=\"4608\" data-attachment-id=\"1254\" data-permalink=\"https:\/\/ceguiworld.com\/en\/lisboa\/p9121089-2\/\" data-orig-file=\"https:\/\/i0.wp.com\/ceguiworld.com\/wp-content\/uploads\/2025\/10\/P9121089-1-rotated.jpg?fit=3456%2C4608&amp;ssl=1\" data-orig-size=\"3456,4608\" data-comments-opened=\"1\" data-image-meta=\"{&quot;aperture&quot;:&quot;4.5&quot;,&quot;credit&quot;:&quot;&quot;,&quot;camera&quot;:&quot;E-PL10&quot;,&quot;caption&quot;:&quot;&quot;,&quot;created_timestamp&quot;:&quot;1757692940&quot;,&quot;copyright&quot;:&quot;&quot;,&quot;focal_length&quot;:&quot;25&quot;,&quot;iso&quot;:&quot;200&quot;,&quot;shutter_speed&quot;:&quot;0.000625&quot;,&quot;title&quot;:&quot;&quot;,&quot;orientation&quot;:&quot;1&quot;}\" data-image-title=\"P9121089\" data-image-description=\"\" data-image-caption=\"\" data-large-file=\"https:\/\/i0.wp.com\/ceguiworld.com\/wp-content\/uploads\/2025\/10\/P9121089-1-rotated.jpg?fit=768%2C1024&amp;ssl=1\" src=\"https:\/\/i0.wp.com\/ceguiworld.com\/wp-content\/uploads\/2025\/10\/P9121089-1-rotated.jpg?resize=3456%2C4608&#038;ssl=1\" alt=\"\" class=\"wp-image-1254\" style=\"aspect-ratio:1;object-fit:cover\" srcset=\"https:\/\/i0.wp.com\/ceguiworld.com\/wp-content\/uploads\/2025\/10\/P9121089-1-rotated.jpg?w=3456&amp;ssl=1 3456w, https:\/\/i0.wp.com\/ceguiworld.com\/wp-content\/uploads\/2025\/10\/P9121089-1-rotated.jpg?resize=225%2C300&amp;ssl=1 225w, https:\/\/i0.wp.com\/ceguiworld.com\/wp-content\/uploads\/2025\/10\/P9121089-1-rotated.jpg?resize=768%2C1024&amp;ssl=1 768w, https:\/\/i0.wp.com\/ceguiworld.com\/wp-content\/uploads\/2025\/10\/P9121089-1-rotated.jpg?resize=1152%2C1536&amp;ssl=1 1152w, https:\/\/i0.wp.com\/ceguiworld.com\/wp-content\/uploads\/2025\/10\/P9121089-1-rotated.jpg?resize=1536%2C2048&amp;ssl=1 1536w, https:\/\/i0.wp.com\/ceguiworld.com\/wp-content\/uploads\/2025\/10\/P9121089-1-rotated.jpg?resize=9%2C12&amp;ssl=1 9w, https:\/\/i0.wp.com\/ceguiworld.com\/wp-content\/uploads\/2025\/10\/P9121089-1-rotated.jpg?resize=900%2C1200&amp;ssl=1 900w, https:\/\/i0.wp.com\/ceguiworld.com\/wp-content\/uploads\/2025\/10\/P9121089-1-rotated.jpg?resize=600%2C800&amp;ssl=1 600w, https:\/\/i0.wp.com\/ceguiworld.com\/wp-content\/uploads\/2025\/10\/P9121089-1-rotated.jpg?resize=450%2C600&amp;ssl=1 450w, https:\/\/i0.wp.com\/ceguiworld.com\/wp-content\/uploads\/2025\/10\/P9121089-1-rotated.jpg?resize=300%2C400&amp;ssl=1 300w, https:\/\/i0.wp.com\/ceguiworld.com\/wp-content\/uploads\/2025\/10\/P9121089-1-rotated.jpg?resize=150%2C200&amp;ssl=1 150w, https:\/\/i0.wp.com\/ceguiworld.com\/wp-content\/uploads\/2025\/10\/P9121089-1-rotated.jpg?resize=1200%2C1600&amp;ssl=1 1200w, https:\/\/i0.wp.com\/ceguiworld.com\/wp-content\/uploads\/2025\/10\/P9121089-1-rotated.jpg?w=2000&amp;ssl=1 2000w, https:\/\/i0.wp.com\/ceguiworld.com\/wp-content\/uploads\/2025\/10\/P9121089-1-rotated.jpg?w=3000&amp;ssl=1 3000w\" sizes=\"auto, (max-width: 1000px) 100vw, 1000px\" \/><\/figure>\n<\/div>\n\n\n\n<div class=\"wp-block-group is-layout-grid wp-container-core-group-is-layout-7d05cc0d wp-block-group-is-layout-grid\">\n<h3 class=\"wp-block-heading\"><a href=\"https:\/\/ceguiworld.com\/en\/2025\/10\/10\/com-visitar-el-palau-da-pena-a-sintra-per-lliure-entrades-preus-i-consells-practics\/\" data-type=\"post\" data-id=\"1156\">Com visitar el Palau da Pena per lliure; entrades, preus i consells pr\u00e0ctics<\/a><\/h3>\n\n\n\n<h3 class=\"wp-block-heading\"><\/h3>\n\n\n\n<h3 class=\"wp-block-heading\"><\/h3>\n<\/div>\n\n\n\n<div style=\"height:35px\" aria-hidden=\"true\" class=\"wp-block-spacer\"><\/div>\n\n\n\n<blockquote class=\"wp-block-quote alignwide is-layout-flow wp-block-quote-is-layout-flow\">\n<p class=\"wp-block-paragraph\">Lisbon is the capital of Portugal and the largest city in the country. Divided into four neighborhoods\u2014Alfama, Baixa, Bairro Alto, and Bel\u00e9m\u2014it is best known for its trams, which give it a unique identity, as well as its azulejos and fado music. The city also stands out for the contrast between its modern infrastructures, local cuisine, and beautiful squares.<\/p>\n<\/blockquote>","protected":false},"excerpt":{"rendered":"<p>Qu\u00e8 fer a Lisboa; ruta completa de 2 i 3 dies 20 coses per veure a Lisboa Els millors past\u00e9is de nata: Original vs variants Com visitar el Palau da Pena per lliure; entrades, preus i consells pr\u00e0ctics Lisboa \u00e9s la capital de Portugal, i la m\u00e9s gran del pa\u00efs. Dividida en 4 barris; Alfama, [&hellip;]<\/p>\n","protected":false},"author":270192929,"featured_media":0,"parent":0,"menu_order":0,"comment_status":"closed","ping_status":"closed","template":"","meta":{"_crdt_document":"","advanced_seo_description":"","jetpack_seo_html_title":"","jetpack_seo_noindex":false,"footnotes":""},"class_list":["post-143","page","type-page","status-publish","hentry"],"jetpack_likes_enabled":true,"jetpack_sharing_enabled":true,"jetpack_shortlink":"https:\/\/wp.me\/PgKwBd-2j","jetpack-related-posts":[],"_links":{"self":[{"href":"https:\/\/ceguiworld.com\/en\/wp-json\/wp\/v2\/pages\/143","targetHints":{"allow":["GET"]}}],"collection":[{"href":"https:\/\/ceguiworld.com\/en\/wp-json\/wp\/v2\/pages"}],"about":[{"href":"https:\/\/ceguiworld.com\/en\/wp-json\/wp\/v2\/types\/page"}],"author":[{"embeddable":true,"href":"https:\/\/ceguiworld.com\/en\/wp-json\/wp\/v2\/users\/270192929"}],"replies":[{"embeddable":true,"href":"https:\/\/ceguiworld.com\/en\/wp-json\/wp\/v2\/comments?post=143"}],"version-history":[{"count":19,"href":"https:\/\/ceguiworld.com\/en\/wp-json\/wp\/v2\/pages\/143\/revisions"}],"predecessor-version":[{"id":1266,"href":"https:\/\/ceguiworld.com\/en\/wp-json\/wp\/v2\/pages\/143\/revisions\/1266"}],"wp:attachment":[{"href":"https:\/\/ceguiworld.com\/en\/wp-json\/wp\/v2\/media?parent=143"}],"curies":[{"name":"wp","href":"https:\/\/api.w.org\/{rel}","templated":true}]}}