{"id":283,"date":"2025-08-22T19:25:17","date_gmt":"2025-08-22T17:25:17","guid":{"rendered":"https:\/\/ceguiworld.com\/?page_id=283"},"modified":"2025-08-26T12:32:05","modified_gmt":"2025-08-26T10:32:05","slug":"malta","status":"publish","type":"page","link":"https:\/\/ceguiworld.com\/en\/malta\/","title":{"rendered":"MALTA"},"content":{"rendered":"<hr class=\"wp-block-separator has-alpha-channel-opacity\"\/>\n\n\n\n<div class=\"wp-block-group is-layout-grid wp-container-core-group-is-layout-7d05cc0d wp-block-group-is-layout-grid\">\n<figure class=\"wp-block-image size-large\"><img data-recalc-dims=\"1\" loading=\"lazy\" decoding=\"async\" width=\"1500\" height=\"1500\" data-attachment-id=\"414\" data-permalink=\"https:\/\/ceguiworld.com\/en\/img_2932-4\/\" data-orig-file=\"https:\/\/i0.wp.com\/ceguiworld.com\/wp-content\/uploads\/2025\/08\/img_2932-1-edited.jpg?fit=1500%2C1500&amp;ssl=1\" data-orig-size=\"1500,1500\" data-comments-opened=\"1\" data-image-meta=\"{&quot;aperture&quot;:&quot;4&quot;,&quot;credit&quot;:&quot;&quot;,&quot;camera&quot;:&quot;E-PL10&quot;,&quot;caption&quot;:&quot;&quot;,&quot;created_timestamp&quot;:&quot;1748965252&quot;,&quot;copyright&quot;:&quot;&quot;,&quot;focal_length&quot;:&quot;25&quot;,&quot;iso&quot;:&quot;200&quot;,&quot;shutter_speed&quot;:&quot;0.0008&quot;,&quot;title&quot;:&quot;&quot;,&quot;orientation&quot;:&quot;1&quot;}\" data-image-title=\"img_2932\" data-image-description=\"\" data-image-caption=\"\" data-large-file=\"https:\/\/i0.wp.com\/ceguiworld.com\/wp-content\/uploads\/2025\/08\/img_2932-1-edited.jpg?fit=1024%2C1024&amp;ssl=1\" src=\"https:\/\/i0.wp.com\/ceguiworld.com\/wp-content\/uploads\/2025\/08\/img_2932-1-edited.jpg?resize=1500%2C1500&#038;ssl=1\" alt=\"\" class=\"wp-image-414\" srcset=\"https:\/\/i0.wp.com\/ceguiworld.com\/wp-content\/uploads\/2025\/08\/img_2932-1-edited.jpg?w=1500&amp;ssl=1 1500w, https:\/\/i0.wp.com\/ceguiworld.com\/wp-content\/uploads\/2025\/08\/img_2932-1-edited.jpg?resize=300%2C300&amp;ssl=1 300w, https:\/\/i0.wp.com\/ceguiworld.com\/wp-content\/uploads\/2025\/08\/img_2932-1-edited.jpg?resize=1024%2C1024&amp;ssl=1 1024w, https:\/\/i0.wp.com\/ceguiworld.com\/wp-content\/uploads\/2025\/08\/img_2932-1-edited.jpg?resize=150%2C150&amp;ssl=1 150w, https:\/\/i0.wp.com\/ceguiworld.com\/wp-content\/uploads\/2025\/08\/img_2932-1-edited.jpg?resize=768%2C768&amp;ssl=1 768w, https:\/\/i0.wp.com\/ceguiworld.com\/wp-content\/uploads\/2025\/08\/img_2932-1-edited.jpg?resize=1200%2C1200&amp;ssl=1 1200w, https:\/\/i0.wp.com\/ceguiworld.com\/wp-content\/uploads\/2025\/08\/img_2932-1-edited.jpg?resize=800%2C800&amp;ssl=1 800w, https:\/\/i0.wp.com\/ceguiworld.com\/wp-content\/uploads\/2025\/08\/img_2932-1-edited.jpg?resize=600%2C600&amp;ssl=1 600w, https:\/\/i0.wp.com\/ceguiworld.com\/wp-content\/uploads\/2025\/08\/img_2932-1-edited.jpg?resize=400%2C400&amp;ssl=1 400w, https:\/\/i0.wp.com\/ceguiworld.com\/wp-content\/uploads\/2025\/08\/img_2932-1-edited.jpg?resize=200%2C200&amp;ssl=1 200w\" sizes=\"auto, (max-width: 1000px) 100vw, 1000px\" \/><\/figure>\n<\/div>\n\n\n\n<div class=\"wp-block-group is-layout-grid wp-container-core-group-is-layout-7d05cc0d wp-block-group-is-layout-grid\">\n<h4 class=\"wp-block-heading\"><a href=\"https:\/\/ceguiworld.com\/en\/els-millors-consells-per-al-teu-viatge-a-malta\/\" target=\"_blank\" rel=\"noreferrer noopener\">The best tips for your trip to Malta<\/a><\/h4>\n\n\n\n<p class=\"wp-block-paragraph\"><\/p>\n\n\n\n<p class=\"wp-block-paragraph\"><\/p>\n<\/div>\n\n\n\n<div style=\"height:100px\" aria-hidden=\"true\" class=\"wp-block-spacer\"><\/div>\n\n\n\n<blockquote class=\"wp-block-quote alignwide is-layout-flow wp-block-quote-is-layout-flow\">\n<p class=\"wp-block-paragraph\">Malta is an archipelago located in the Mediterranean, formed by Malta, Gozo and Comino. It is a mix of cultures; British, Phoenician, French, among others who have left their influence there. And it offers turquoise blue beaches, stone cities with a thousand-year history and a devotion to Catholicism evidenced in the churches and festivals they hold.<\/p>\n<\/blockquote>","protected":false},"excerpt":{"rendered":"<p>Els millors consells per al teu viatge a Malta Malta \u00e9s un arxip\u00e8lag que es troba al Mediterr\u00e0ni, format per Malta, Gozo i Comino. \u00c9s una barreja de cultures; brit\u00e0nics, fenicis, francesos, entre altres que hi han deixat la seva influ\u00e8ncia. I ofereix platjes de color blau turquesa, ciutats de pedra amb hist\u00f2ria mil\u00b7len\u00e0ria i [&hellip;]<\/p>\n","protected":false},"author":270192929,"featured_media":0,"parent":0,"menu_order":0,"comment_status":"closed","ping_status":"closed","template":"","meta":{"_crdt_document":"","advanced_seo_description":"","jetpack_seo_html_title":"","jetpack_seo_noindex":false,"footnotes":""},"class_list":["post-283","page","type-page","status-publish","hentry"],"jetpack_likes_enabled":true,"jetpack_sharing_enabled":true,"jetpack_shortlink":"https:\/\/wp.me\/PgKwBd-4z","jetpack-related-posts":[],"_links":{"self":[{"href":"https:\/\/ceguiworld.com\/en\/wp-json\/wp\/v2\/pages\/283","targetHints":{"allow":["GET"]}}],"collection":[{"href":"https:\/\/ceguiworld.com\/en\/wp-json\/wp\/v2\/pages"}],"about":[{"href":"https:\/\/ceguiworld.com\/en\/wp-json\/wp\/v2\/types\/page"}],"author":[{"embeddable":true,"href":"https:\/\/ceguiworld.com\/en\/wp-json\/wp\/v2\/users\/270192929"}],"replies":[{"embeddable":true,"href":"https:\/\/ceguiworld.com\/en\/wp-json\/wp\/v2\/comments?post=283"}],"version-history":[{"count":33,"href":"https:\/\/ceguiworld.com\/en\/wp-json\/wp\/v2\/pages\/283\/revisions"}],"predecessor-version":[{"id":559,"href":"https:\/\/ceguiworld.com\/en\/wp-json\/wp\/v2\/pages\/283\/revisions\/559"}],"wp:attachment":[{"href":"https:\/\/ceguiworld.com\/en\/wp-json\/wp\/v2\/media?parent=283"}],"curies":[{"name":"wp","href":"https:\/\/api.w.org\/{rel}","templated":true}]}}