{"id":557,"date":"2025-08-29T18:29:46","date_gmt":"2025-08-29T16:29:46","guid":{"rendered":"https:\/\/ceguiworld.com\/?page_id=557"},"modified":"2025-09-26T11:43:02","modified_gmt":"2025-09-26T09:43:02","slug":"porto","status":"publish","type":"page","link":"https:\/\/ceguiworld.com\/en\/porto\/","title":{"rendered":"PORTO"},"content":{"rendered":"<p class=\"wp-block-paragraph\"><\/p>\n\n\n\n<div class=\"wp-block-group is-layout-grid wp-container-core-group-is-layout-7d05cc0d wp-block-group-is-layout-grid\">\n<figure class=\"wp-block-image size-large wp-container-content-69bc4bdf\"><img data-recalc-dims=\"1\" loading=\"lazy\" decoding=\"async\" width=\"3416\" height=\"3416\" data-attachment-id=\"880\" data-permalink=\"https:\/\/ceguiworld.com\/en\/p9070127-21\/\" data-orig-file=\"https:\/\/i0.wp.com\/ceguiworld.com\/wp-content\/uploads\/2025\/09\/P9070127-8-edited.jpg?fit=3416%2C3416&amp;ssl=1\" data-orig-size=\"3416,3416\" data-comments-opened=\"1\" data-image-meta=\"{&quot;aperture&quot;:&quot;4.5&quot;,&quot;credit&quot;:&quot;&quot;,&quot;camera&quot;:&quot;E-PL10&quot;,&quot;caption&quot;:&quot;&quot;,&quot;created_timestamp&quot;:&quot;1757259878&quot;,&quot;copyright&quot;:&quot;&quot;,&quot;focal_length&quot;:&quot;25&quot;,&quot;iso&quot;:&quot;200&quot;,&quot;shutter_speed&quot;:&quot;0.000625&quot;,&quot;title&quot;:&quot;&quot;,&quot;orientation&quot;:&quot;1&quot;}\" data-image-title=\"P9070127\" data-image-description=\"\" data-image-caption=\"\" data-large-file=\"https:\/\/i0.wp.com\/ceguiworld.com\/wp-content\/uploads\/2025\/09\/P9070127-8-edited.jpg?fit=1024%2C1024&amp;ssl=1\" src=\"https:\/\/i0.wp.com\/ceguiworld.com\/wp-content\/uploads\/2025\/09\/P9070127-8-edited.jpg?resize=3416%2C3416&#038;ssl=1\" alt=\"\" class=\"wp-image-880\" srcset=\"https:\/\/i0.wp.com\/ceguiworld.com\/wp-content\/uploads\/2025\/09\/P9070127-8-edited.jpg?w=3416&amp;ssl=1 3416w, https:\/\/i0.wp.com\/ceguiworld.com\/wp-content\/uploads\/2025\/09\/P9070127-8-edited.jpg?resize=300%2C300&amp;ssl=1 300w, https:\/\/i0.wp.com\/ceguiworld.com\/wp-content\/uploads\/2025\/09\/P9070127-8-edited.jpg?resize=1024%2C1024&amp;ssl=1 1024w, https:\/\/i0.wp.com\/ceguiworld.com\/wp-content\/uploads\/2025\/09\/P9070127-8-edited.jpg?resize=150%2C150&amp;ssl=1 150w, https:\/\/i0.wp.com\/ceguiworld.com\/wp-content\/uploads\/2025\/09\/P9070127-8-edited.jpg?resize=768%2C768&amp;ssl=1 768w, https:\/\/i0.wp.com\/ceguiworld.com\/wp-content\/uploads\/2025\/09\/P9070127-8-edited.jpg?resize=1536%2C1536&amp;ssl=1 1536w, https:\/\/i0.wp.com\/ceguiworld.com\/wp-content\/uploads\/2025\/09\/P9070127-8-edited.jpg?resize=2048%2C2048&amp;ssl=1 2048w, https:\/\/i0.wp.com\/ceguiworld.com\/wp-content\/uploads\/2025\/09\/P9070127-8-edited.jpg?resize=1200%2C1200&amp;ssl=1 1200w, https:\/\/i0.wp.com\/ceguiworld.com\/wp-content\/uploads\/2025\/09\/P9070127-8-edited.jpg?resize=800%2C800&amp;ssl=1 800w, https:\/\/i0.wp.com\/ceguiworld.com\/wp-content\/uploads\/2025\/09\/P9070127-8-edited.jpg?resize=600%2C600&amp;ssl=1 600w, https:\/\/i0.wp.com\/ceguiworld.com\/wp-content\/uploads\/2025\/09\/P9070127-8-edited.jpg?resize=400%2C400&amp;ssl=1 400w, https:\/\/i0.wp.com\/ceguiworld.com\/wp-content\/uploads\/2025\/09\/P9070127-8-edited.jpg?resize=200%2C200&amp;ssl=1 200w, https:\/\/i0.wp.com\/ceguiworld.com\/wp-content\/uploads\/2025\/09\/P9070127-8-edited.jpg?w=3000&amp;ssl=1 3000w\" sizes=\"auto, (max-width: 1000px) 100vw, 1000px\" \/><\/figure>\n\n\n\n<figure class=\"wp-block-image size-large\"><img data-recalc-dims=\"1\" loading=\"lazy\" decoding=\"async\" width=\"3335\" height=\"3336\" data-attachment-id=\"881\" data-permalink=\"https:\/\/ceguiworld.com\/en\/p9080401-7\/\" data-orig-file=\"https:\/\/i0.wp.com\/ceguiworld.com\/wp-content\/uploads\/2025\/09\/P9080401-1-edited.jpg?fit=3335%2C3336&amp;ssl=1\" data-orig-size=\"3335,3336\" data-comments-opened=\"1\" data-image-meta=\"{&quot;aperture&quot;:&quot;4.5&quot;,&quot;credit&quot;:&quot;&quot;,&quot;camera&quot;:&quot;E-PL10&quot;,&quot;caption&quot;:&quot;&quot;,&quot;created_timestamp&quot;:&quot;1757346753&quot;,&quot;copyright&quot;:&quot;&quot;,&quot;focal_length&quot;:&quot;25&quot;,&quot;iso&quot;:&quot;200&quot;,&quot;shutter_speed&quot;:&quot;0.000625&quot;,&quot;title&quot;:&quot;&quot;,&quot;orientation&quot;:&quot;1&quot;}\" data-image-title=\"P9080401\" data-image-description=\"\" data-image-caption=\"\" data-large-file=\"https:\/\/i0.wp.com\/ceguiworld.com\/wp-content\/uploads\/2025\/09\/P9080401-1-edited.jpg?fit=1024%2C1024&amp;ssl=1\" src=\"https:\/\/i0.wp.com\/ceguiworld.com\/wp-content\/uploads\/2025\/09\/P9080401-1-edited.jpg?resize=3335%2C3336&#038;ssl=1\" alt=\"\" class=\"wp-image-881\" srcset=\"https:\/\/i0.wp.com\/ceguiworld.com\/wp-content\/uploads\/2025\/09\/P9080401-1-edited.jpg?w=3335&amp;ssl=1 3335w, https:\/\/i0.wp.com\/ceguiworld.com\/wp-content\/uploads\/2025\/09\/P9080401-1-edited.jpg?resize=300%2C300&amp;ssl=1 300w, https:\/\/i0.wp.com\/ceguiworld.com\/wp-content\/uploads\/2025\/09\/P9080401-1-edited.jpg?resize=1024%2C1024&amp;ssl=1 1024w, https:\/\/i0.wp.com\/ceguiworld.com\/wp-content\/uploads\/2025\/09\/P9080401-1-edited.jpg?resize=150%2C150&amp;ssl=1 150w, https:\/\/i0.wp.com\/ceguiworld.com\/wp-content\/uploads\/2025\/09\/P9080401-1-edited.jpg?resize=768%2C768&amp;ssl=1 768w, https:\/\/i0.wp.com\/ceguiworld.com\/wp-content\/uploads\/2025\/09\/P9080401-1-edited.jpg?resize=1536%2C1536&amp;ssl=1 1536w, https:\/\/i0.wp.com\/ceguiworld.com\/wp-content\/uploads\/2025\/09\/P9080401-1-edited.jpg?resize=2048%2C2048&amp;ssl=1 2048w, https:\/\/i0.wp.com\/ceguiworld.com\/wp-content\/uploads\/2025\/09\/P9080401-1-edited.jpg?resize=1200%2C1200&amp;ssl=1 1200w, https:\/\/i0.wp.com\/ceguiworld.com\/wp-content\/uploads\/2025\/09\/P9080401-1-edited.jpg?resize=800%2C800&amp;ssl=1 800w, https:\/\/i0.wp.com\/ceguiworld.com\/wp-content\/uploads\/2025\/09\/P9080401-1-edited.jpg?resize=600%2C600&amp;ssl=1 600w, https:\/\/i0.wp.com\/ceguiworld.com\/wp-content\/uploads\/2025\/09\/P9080401-1-edited.jpg?resize=400%2C400&amp;ssl=1 400w, https:\/\/i0.wp.com\/ceguiworld.com\/wp-content\/uploads\/2025\/09\/P9080401-1-edited.jpg?resize=200%2C200&amp;ssl=1 200w, https:\/\/i0.wp.com\/ceguiworld.com\/wp-content\/uploads\/2025\/09\/P9080401-1-edited.jpg?w=3000&amp;ssl=1 3000w\" sizes=\"auto, (max-width: 1000px) 100vw, 1000px\" \/><\/figure>\n\n\n\n<figure class=\"wp-block-image size-large\"><img data-recalc-dims=\"1\" loading=\"lazy\" decoding=\"async\" width=\"2392\" height=\"2392\" data-attachment-id=\"1098\" data-permalink=\"https:\/\/ceguiworld.com\/en\/p9110806-7\/\" data-orig-file=\"https:\/\/i0.wp.com\/ceguiworld.com\/wp-content\/uploads\/2025\/09\/P9110806-2-edited-2.jpg?fit=2392%2C2392&amp;ssl=1\" data-orig-size=\"2392,2392\" data-comments-opened=\"1\" data-image-meta=\"{&quot;aperture&quot;:&quot;4&quot;,&quot;credit&quot;:&quot;&quot;,&quot;camera&quot;:&quot;E-PL10&quot;,&quot;caption&quot;:&quot;&quot;,&quot;created_timestamp&quot;:&quot;1757590098&quot;,&quot;copyright&quot;:&quot;&quot;,&quot;focal_length&quot;:&quot;25&quot;,&quot;iso&quot;:&quot;200&quot;,&quot;shutter_speed&quot;:&quot;0.0008&quot;,&quot;title&quot;:&quot;&quot;,&quot;orientation&quot;:&quot;1&quot;}\" data-image-title=\"P9110806\" data-image-description=\"\" data-image-caption=\"\" data-large-file=\"https:\/\/i0.wp.com\/ceguiworld.com\/wp-content\/uploads\/2025\/09\/P9110806-2-edited-2.jpg?fit=1024%2C1024&amp;ssl=1\" src=\"https:\/\/i0.wp.com\/ceguiworld.com\/wp-content\/uploads\/2025\/09\/P9110806-2-edited-2.jpg?resize=2392%2C2392&#038;ssl=1\" alt=\"\" class=\"wp-image-1098\" srcset=\"https:\/\/i0.wp.com\/ceguiworld.com\/wp-content\/uploads\/2025\/09\/P9110806-2-edited-2.jpg?w=2392&amp;ssl=1 2392w, https:\/\/i0.wp.com\/ceguiworld.com\/wp-content\/uploads\/2025\/09\/P9110806-2-edited-2.jpg?resize=300%2C300&amp;ssl=1 300w, https:\/\/i0.wp.com\/ceguiworld.com\/wp-content\/uploads\/2025\/09\/P9110806-2-edited-2.jpg?resize=1024%2C1024&amp;ssl=1 1024w, https:\/\/i0.wp.com\/ceguiworld.com\/wp-content\/uploads\/2025\/09\/P9110806-2-edited-2.jpg?resize=150%2C150&amp;ssl=1 150w, https:\/\/i0.wp.com\/ceguiworld.com\/wp-content\/uploads\/2025\/09\/P9110806-2-edited-2.jpg?resize=768%2C768&amp;ssl=1 768w, https:\/\/i0.wp.com\/ceguiworld.com\/wp-content\/uploads\/2025\/09\/P9110806-2-edited-2.jpg?resize=1536%2C1536&amp;ssl=1 1536w, https:\/\/i0.wp.com\/ceguiworld.com\/wp-content\/uploads\/2025\/09\/P9110806-2-edited-2.jpg?resize=2048%2C2048&amp;ssl=1 2048w, https:\/\/i0.wp.com\/ceguiworld.com\/wp-content\/uploads\/2025\/09\/P9110806-2-edited-2.jpg?resize=12%2C12&amp;ssl=1 12w, https:\/\/i0.wp.com\/ceguiworld.com\/wp-content\/uploads\/2025\/09\/P9110806-2-edited-2.jpg?resize=1200%2C1200&amp;ssl=1 1200w, https:\/\/i0.wp.com\/ceguiworld.com\/wp-content\/uploads\/2025\/09\/P9110806-2-edited-2.jpg?resize=800%2C800&amp;ssl=1 800w, https:\/\/i0.wp.com\/ceguiworld.com\/wp-content\/uploads\/2025\/09\/P9110806-2-edited-2.jpg?resize=600%2C600&amp;ssl=1 600w, https:\/\/i0.wp.com\/ceguiworld.com\/wp-content\/uploads\/2025\/09\/P9110806-2-edited-2.jpg?resize=400%2C400&amp;ssl=1 400w, https:\/\/i0.wp.com\/ceguiworld.com\/wp-content\/uploads\/2025\/09\/P9110806-2-edited-2.jpg?resize=200%2C200&amp;ssl=1 200w\" sizes=\"auto, (max-width: 1000px) 100vw, 1000px\" \/><\/figure>\n<\/div>\n\n\n\n<div class=\"wp-block-group is-layout-grid wp-container-core-group-is-layout-7d05cc0d wp-block-group-is-layout-grid\">\n<h3 class=\"wp-block-heading\"><a href=\"https:\/\/ceguiworld.com\/en\/un-recorregut-pels-azulejos-amb-mes-encant-de-porto\/\" data-type=\"page\" data-id=\"383\">A journey through Porto\u2019s most charming azulejos<\/a><\/h3>\n\n\n\n<h3 class=\"wp-block-heading\"><a href=\"https:\/\/ceguiworld.com\/en\/20-coses-per-veure-a-porto\/\" data-type=\"page\" data-id=\"420\">20 things to see in Porto<\/a><\/h3>\n\n\n\n<h3 class=\"wp-block-heading wp-container-content-69bc4bdf\"><a href=\"https:\/\/ceguiworld.com\/en\/2025\/09\/26\/els-millors-pasteis-de-nata-de-lisboa-i-oporto\/\" data-type=\"post\" data-id=\"1028\">The best past\u00e9is de nata: Original vs alternatives<\/a><\/h3>\n<\/div>\n\n\n\n<div style=\"height:100px\" aria-hidden=\"true\" class=\"wp-block-spacer\"><\/div>\n\n\n\n<blockquote class=\"wp-block-quote alignwide is-layout-flow wp-block-quote-is-layout-flow\">\n<p class=\"wp-block-paragraph\">Porto is a Portuguese city built along the Douro River, which has shaped its layout over the years. The city is characterized by the white and blue colors of the azulejos that adorn its churches and buildings. It offers authenticity through its cobblestone streets, viewpoints, trams, wine cellars, and a vibrant gastronomy and culture.<\/p>\n<\/blockquote>","protected":false},"excerpt":{"rendered":"<p>Un recorregut pels &#8220;azulejos&#8221; amb m\u00e9s encant de Porto 20 coses per veure a Porto Els millors past\u00e9is de nata: Original vs variants Porto \u00e9s una ciutat portuguesa construida al costat del riu Duero, fet que ha configurat la seva morfologia amb els anys. La ciutat es caracteritza pels colors blanc i blau dels &#8220;azulejos&#8221; [&hellip;]<\/p>\n","protected":false},"author":270192929,"featured_media":0,"parent":0,"menu_order":0,"comment_status":"closed","ping_status":"closed","template":"","meta":{"_crdt_document":"","advanced_seo_description":"","jetpack_seo_html_title":"","jetpack_seo_noindex":false,"footnotes":""},"class_list":["post-557","page","type-page","status-publish","hentry"],"jetpack_likes_enabled":true,"jetpack_sharing_enabled":true,"jetpack_shortlink":"https:\/\/wp.me\/PgKwBd-8Z","jetpack-related-posts":[],"_links":{"self":[{"href":"https:\/\/ceguiworld.com\/en\/wp-json\/wp\/v2\/pages\/557","targetHints":{"allow":["GET"]}}],"collection":[{"href":"https:\/\/ceguiworld.com\/en\/wp-json\/wp\/v2\/pages"}],"about":[{"href":"https:\/\/ceguiworld.com\/en\/wp-json\/wp\/v2\/types\/page"}],"author":[{"embeddable":true,"href":"https:\/\/ceguiworld.com\/en\/wp-json\/wp\/v2\/users\/270192929"}],"replies":[{"embeddable":true,"href":"https:\/\/ceguiworld.com\/en\/wp-json\/wp\/v2\/comments?post=557"}],"version-history":[{"count":18,"href":"https:\/\/ceguiworld.com\/en\/wp-json\/wp\/v2\/pages\/557\/revisions"}],"predecessor-version":[{"id":1104,"href":"https:\/\/ceguiworld.com\/en\/wp-json\/wp\/v2\/pages\/557\/revisions\/1104"}],"wp:attachment":[{"href":"https:\/\/ceguiworld.com\/en\/wp-json\/wp\/v2\/media?parent=557"}],"curies":[{"name":"wp","href":"https:\/\/api.w.org\/{rel}","templated":true}]}}